{"id":627,"date":"2017-10-18T15:13:04","date_gmt":"2017-10-18T15:13:04","guid":{"rendered":"http:\/\/eye-view-vision.de\/?page_id=627"},"modified":"2020-01-12T17:56:26","modified_gmt":"2020-01-12T17:56:26","slug":"impressum","status":"publish","type":"page","link":"https:\/\/eye-view-vision.de\/?page_id=627","title":{"rendered":"Impressum"},"content":{"rendered":"<h4><strong>Rechtliche Offenlegung<\/strong><\/h4>\n<p><strong>Informationen gem\u00e4\u00df \u00a7 5 TMG<\/strong><\/p>\n<p>Sandra Spencer<br \/>\neye-view-vision<br \/>\nVor dem Hagen 2<br \/>\n30938 Burgwedel<\/p>\n<p><strong>&nbsp;<\/strong><\/p>\n<p><strong>Kontakt<\/strong><br \/>\nTelefon: +49 176 5767 1919<br \/>\nE-Mail: sonny@eye-view-vision.de<br \/>\nInternetadresse: http:\/\/eye-view-vision.de\/<\/p>\n<h4><\/h4>\n<h4><strong>Meine Private Foto-Webseite<\/strong><\/h4>\n<p>Mein Gewerbe habe ich aufgegeben, dennoch mache ich gerne Shootings, entsprechend ohne Berechnung.&nbsp; Warum? Ich m\u00f6chte einfach die Freude an der Fotografie nicht verlieren!<\/p>\n<h4><strong>Angabe der Quelle f\u00fcr Bilder und Grafiken:<\/strong><\/h4>\n<p><strong>Bilder von mir:<\/strong><br \/>\nImani-Khadija Spencer<br \/>\nSilke Heydin<br \/>\nStefan Schulz<br \/>\nKerstin Loel<br \/>\nHolger Pallas<br \/>\nAndreas Springer<\/p>\n<h4><strong>Disclaimer<\/strong><\/h4>\n<p><strong>Verantwortlichkeit f\u00fcr Inhalte:<\/strong><br \/>\nDie Inhalte unserer Seiten wurden mit gr\u00f6\u00dfter Sorgfalt erstellt. F\u00fcr die Richtigkeit, Vollst\u00e4ndigkeit und Aktualit\u00e4t der Inhalte k\u00f6nnen wir jedoch keine Gew\u00e4hr \u00fcbernehmen. Nach den gesetzlichen Bestimmungen sind wir au\u00dferdem f\u00fcr die eigenen Inhalte auf diesen Webseiten verantwortlich. Bitte beachten Sie in diesem Zusammenhang, dass wir nicht verpflichtet sind, lediglich die \u00fcbermittelten oder gespeicherten Informationen von Dritten zu \u00fcberwachen oder Umst\u00e4nde zu untersuchen, die auf eine rechtswidrige T\u00e4tigkeit hinweisen. Verpflichtungen zur Entfernung oder Sperrung der Nutzung von Informationen nach den allgemeinen Gesetzen bleiben hiervon unber\u00fchrt. \u00a7\u00a7 8 bis 10 Telemediengesetz (TMG)<\/p>\n<p><strong>Verantwortlichkeit f\u00fcr Links:<\/strong><br \/>\nF\u00fcr den Inhalt externer Links (f\u00fcr Internetseiten Dritter) haftet allein der Betreiber der verlinkten Seiten. Zum Zeitpunkt der Verlinkung waren keine Verst\u00f6\u00dfe gegen uns erkennbar. Bei Bekanntwerden von Rechtsverletzungen werden wir derartige Links umgehend entfernen.<\/p>\n<p><strong>Copyright:<\/strong><br \/>\nMeine Internetseiten und deren Inhalte unterliegen dem deutschen Urheberrecht. Jede Art der Nutzung, Vervielf\u00e4ltigung oder Bearbeitung von urheberrechtlich gesch\u00fctzten Werken auf unserer Website bedarf &#8211; soweit nicht ausdr\u00fccklich gesetzlich zul\u00e4ssig (\u00a7 44a ff. UrhG) &#8211; der vorherigen Zustimmung des jeweiligen Rechtsinhabers. Einzelne Reproduktionen eines Werkes sind nur f\u00fcr den privaten Gebrauch gestattet, d\u00fcrfen also weder direkt noch indirekt f\u00fcr das Einkommen dienen. Die unautorisierte Nutzung urheberrechtlich gesch\u00fctzter Werke ist strafbar (\u00a7 106 Urheberrechtsgesetz).<\/p>\n<p><strong><big>Datenschutzerkl\u00e4rung<\/big><\/strong><\/p>\n<p><strong>Allgemeiner Hinweis und Pflichtinformationen<\/strong><\/p>\n<p><strong>Benennung der verantwortlichen Stelle<\/strong><\/p>\n<p>Die verantwortliche Stelle f\u00fcr die Datenverarbeitung auf dieser Website ist:<\/p>\n<p><span id=\"s3-t-firma\">eye-view-vision<\/span><br \/>\n<span id=\"s3-t-ansprechpartner\">Sandra Spencer<\/span><br \/>\n<span id=\"s3-t-strasse\">Vor dem Hagen 2<\/span><br \/>\n30938 Burgwedel<\/p>\n<p>Die verantwortliche Stelle entscheidet allein oder gemeinsam mit anderen \u00fcber die Zwecke und Mittel der Verarbeitung von personenbezogenen Daten (z.B. Namen, Kontaktdaten o. \u00c4.).<\/p>\n<p><strong>Vorab Information<\/strong><\/p>\n<p>Verwendete Fotos sind mit dem Einverst\u00e4ndnis der jeweiligen Person hier pr\u00e4sentiert.<br \/>\nEs kann jederzeit der Widerruf dieser Nutzung schriftlich mitgeteilt werden.<br \/>\nFolgende Hinweise sind entsprechend der Verordnung des Datenschutzes auch wenn Ihre Daten auf diese Webseite nicht genutzt bzw. verarbeitet werden.<\/p>\n<p><strong>Widerruf Ihrer Einwilligung zur Datenverarbeitung<\/strong><\/p>\n<p>Nur mit Ihrer ausdr\u00fccklichen Einwilligung sind einige Vorg\u00e4nge der Datenverarbeitung m\u00f6glich. Ein Widerruf Ihrer bereits erteilten Einwilligung ist jederzeit m\u00f6glich. F\u00fcr den Widerruf gen\u00fcgt eine formlose Mitteilung per E-Mail. Die Rechtm\u00e4\u00dfigkeit der bis zum Widerruf erfolgten Datenverarbeitung bleibt vom Widerruf unber\u00fchrt.<\/p>\n<p><strong>Recht auf Beschwerde bei der zust\u00e4ndigen Aufsichtsbeh\u00f6rde<\/strong><\/p>\n<p>Als Betroffener steht Ihnen im Falle eines Datenschutzrechtlichen Versto\u00dfes ein Beschwerderecht bei der zust\u00e4ndigen Aufsichtsbeh\u00f6rde zu. Zust\u00e4ndige Aufsichtsbeh\u00f6rde bez\u00fcglich Datenschutzrechtlicher Fragen ist der Landesdatenschutzbeauftragte des Bundeslandes, in dem sich der Sitz unseres Unternehmens befindet. Der folgende Link stellt eine Liste der Datenschutzbeauftragten sowie deren Kontaktdaten bereit: <a href=\"https:\/\/www.bfdi.bund.de\/DE\/Infothek\/Anschriften_Links\/anschriften_links-node.html\" target=\"_blank\" rel=\"noopener noreferrer\">https:\/\/www.bfdi.bund.de\/DE\/Infothek\/Anschriften_Links\/anschriften_links-node.html<\/a>.<\/p>\n<p><strong>Recht auf Daten\u00fcbertragbarkeit<\/strong><\/p>\n<p>Ihnen steht das Recht zu, Daten, die wir auf Grundlage Ihrer Einwilligung oder in Erf\u00fcllung eines Vertrags automatisiert verarbeiten, an sich oder an Dritte aush\u00e4ndigen zu lassen. Die Bereitstellung erfolgt in einem maschinenlesbaren Format. Sofern Sie die direkte \u00dcbertragung der Daten an einen anderen Verantwortlichen verlangen, erfolgt dies nur, soweit es technisch machbar ist.<\/p>\n<p><strong>Recht auf Auskunft, Berichtigung, Sperrung, L\u00f6schung<\/strong><\/p>\n<p>Sie haben jederzeit im Rahmen der geltenden gesetzlichen Bestimmungen das Recht auf unentgeltliche Auskunft \u00fcber Ihre gespeicherten personenbezogenen Daten, Herkunft der Daten, deren Empf\u00e4nger und den Zweck der Datenverarbeitung und ggf. ein Recht auf Berichtigung, Sperrung oder L\u00f6schung dieser Daten. Diesbez\u00fcglich und auch zu weiteren Fragen zum Thema personenbezogene Daten k\u00f6nnen Sie sich jederzeit \u00fcber die im Impressum aufgef\u00fchrten Kontaktm\u00f6glichkeiten an uns wenden.<\/p>\n<p><strong>SSL- bzw. TLS-Verschl\u00fcsselung<\/strong><\/p>\n<p>Aus Sicherheitsgr\u00fcnden und zum Schutz der \u00dcbertragung vertraulicher Inhalte, die Sie an uns als Seitenbetreiber senden, nutzt unsere Website eine SSL-bzw. TLS-Verschl\u00fcsselung. Damit sind Daten, die Sie \u00fcber diese Website \u00fcbermitteln, f\u00fcr Dritte nicht mitlesbar. Sie erkennen eine verschl\u00fcsselte Verbindung an der \u201ehttps:\/\/\u201c Adresszeile Ihres Browsers und am Schloss-Symbol in der Browserzeile.<\/p>\n<p><strong>Kontaktformular<\/strong><\/p>\n<p>Per Kontaktformular \u00fcbermittelte Daten werden einschlie\u00dflich Ihrer Kontaktdaten gespeichert, um Ihre Anfrage bearbeiten zu k\u00f6nnen oder um f\u00fcr Anschlussfragen bereitzustehen. Eine Weitergabe dieser Daten findet ohne Ihre Einwilligung nicht statt.<\/p>\n<p>Die Verarbeitung der in das Kontaktformular eingegebenen Daten erfolgt ausschlie\u00dflich auf Grundlage Ihrer Einwilligung (Art. 6 Abs. 1 lit. a DSGVO). Ein Widerruf Ihrer bereits erteilten Einwilligung ist jederzeit m\u00f6glich. F\u00fcr den Widerruf gen\u00fcgt eine formlose Mitteilung per E-Mail. Die Rechtm\u00e4\u00dfigkeit der bis zum Widerruf erfolgten Datenverarbeitungsvorg\u00e4nge bleibt vom Widerruf unber\u00fchrt.<\/p>\n<p>\u00dcber das Kontaktformular \u00fcbermittelte Daten verbleiben bei uns, bis Sie uns zur L\u00f6schung auffordern, Ihre Einwilligung zur Speicherung widerrufen oder keine Notwendigkeit der Datenspeicherung mehr besteht. Zwingende gesetzliche Bestimmungen &#8211; insbesondere Aufbewahrungsfristen &#8211; bleiben unber\u00fchrt.<\/p>\n<p><strong>Twitter Plugin<\/strong><\/p>\n<p>Unsere Website vewendet Funktionen des Dienstes Twitter. Anbieter ist die Twitter Inc., 1355 Market Street, Suite 900, San Francisco, CA 94103, USA.<\/p>\n<p>Bei Nutzung von Twitter und der Funktion &#8220;Re-Tweet&#8221; werden von Ihnen besuchte Websites mit Ihrem Twitter-Account verkn\u00fcpft und in Ihrem Twitter-Feed ver\u00f6ffentlicht. Dabei erfolgt eine \u00dcbermittlung von Daten an Twitter. \u00dcber den Inhalt der \u00fcbermittelten<br \/>\nDaten sowie die Nutzung dieser Daten durch Twitter haben wir keine Kenntnis. Einzelheiten finden Sie in der Datenschutzerkl\u00e4rung von Twitter: <a href=\"https:\/\/twitter.com\/privacy\">https:\/\/twitter.com\/privacy<\/a>.<\/p>\n<p>Sie k\u00f6nnen Ihre Datenschutzeinstellungen bei Twitter \u00e4ndern: <a href=\"https:\/\/twitter.com\/account\/settings\">https:\/\/twitter.com\/account\/settings<\/a><\/p>\n<p><strong>Pinterest Plugin<\/strong><\/p>\n<p>Unserer Website verwendet Funktionen des sozialen Netzwerkes Pinterest. Anbieter ist die Pinterest Inc., 808 Brannan Street, San Francisco, CA 94103-490, USA.<\/p>\n<p>Bei Aufruf einer Seite mit Funktionen von Pinterest, stellt Ihr Browser eine direkte Verbindung zu den Pinterest-Servern her. Es werden Protokolldaten an die Server von Pinterest \u00fcbermittelt. Standort der Server sind die USA. Die Protokolldaten k\u00f6nnen<br \/>\nm\u00f6glicherweise R\u00fcckschl\u00fcsse auf Ihre IP-Adresse, besuchte Websites, Art und Einstellungen des Browsers, Datum und Zeitpunkt der Anfrage, Ihre Verwendungsweise von Pinterest sowie Cookies zulassen.<\/p>\n<p>Einzelheiten hierzu finden Sie in den Datenschutzhinweisen von Pinterest: <a href=\"https:\/\/about.pinterest.com\/de\/privacy-policy\">https:\/\/about.pinterest.com\/de\/privacy-policy<\/a>.<\/p>\n<p><small>Quelle: Datenschutz-Konfigurator von <a href=\"http:\/\/www.mein-datenschutzbeauftragter.de\" target=\"_blank\" rel=\"noopener noreferrer\">mein-datenschutzbeauftragter.de<\/a><\/small><\/p>\n<h5><\/h5>\n<h5>Facebook Social Plugins<\/h5>\n<p>Auf unserer Website werden sogenannte Social Plugins (\u201ePlugins\u201c) des sozialen Netzwerkes Facebook verwendet, das von der Facebook Inc., 1601 S. California Ave, Palo Alto, CA 94304, USA (\u201eFacebook\u201c) betrieben wird. Die Plugins sind mit einem Facebook-Logo oder dem Zusatz \u201eSoziales Plug-in von Facebook\u201c bzw. \u201eFacebook Social Plugin\u201c gekennzeichnet. Eine \u00dcbersicht \u00fcber die Facebook Plugins und deren Aussehen finden Sie hier: https:\/\/developers.facebook.com\/docs\/plugins Wenn Sie eine Seite unseres Webauftritts aufrufen, die ein solches Plugin enth\u00e4lt, stellt Ihr Browser eine direkte Verbindung zu den Servern von Facebook her. Der Inhalt des Plugins wird von Facebook direkt an Ihren Browser \u00fcbermittelt und in die Seite eingebunden. Durch diese Einbindung erh\u00e4lt Facebook die Information, dass Ihr Browser die entsprechende Seite unseres Webauftritts aufgerufen hat, auch wenn Sie kein Facebook-Profil besitzen oder gerade nicht bei Facebook eingeloggt sind. Diese Information (einschlie\u00dflich Ihrer IP-Adresse) wird von Ihrem Browser direkt an einen Server von Facebook in die USA \u00fcbermittelt und dort gespeichert. Sind Sie bei Facebook eingeloggt, kann Facebook den Besuch unserer Website Ihrem FacebookProfil unmittelbar zuordnen. Wenn Sie mit den Plugins interagieren, zum Beispiel den \u201eGef\u00e4llt mir\u201c- Button bet\u00e4tigen oder einen Kommentar abgeben, wird diese Information ebenfalls direkt an einen Server von Facebook \u00fcbermittelt und dort gespeichert. Die Informationen werden au\u00dferdem auf Ihrem Facebook- Profil ver\u00f6ffentlicht und Ihren Facebook-Freunden angezeigt. Zweck und Umfang der Datenerhebung und die weitere Verarbeitung und Nutzung der Daten durch Facebook sowie Ihre diesbez\u00fcglichen Rechte und Einstellungsm\u00f6glichkeiten zum Schutz Ihrer Privatsph\u00e4re entnehmen Sie bitte den Datenschutzhinweisen von Facebook: http:\/\/www.facebook.com\/policy.php Wenn Sie nicht m\u00f6chten, dass Facebook die \u00fcber unseren Webauftritt gesammelten Daten unmittelbar Ihrem Facebook-Profil zuordnet, m\u00fcssen Sie sich vor Ihrem Besuch unserer Website bei Facebook ausloggen. Sie k\u00f6nnen das Laden der Facebook Plugins auch mit Add-Ons f\u00fcr Ihren Browser komplett verhindern, z.B. f\u00fcr Mozilla Firefox: https:\/\/addons.mozilla.org\/de\/firefox\/addon\/facebook-blocker\/ f\u00fcr Opera: https:\/\/addons.opera.com\/de\/extensions\/details\/facebook-blocker\/?display=en f\u00fcr Chrome: https:\/\/chrome.google.com\/webstore\/detail\/facebookblocker\/chlhacbfddknadmnmjmkdobipdpjakmc?hl=de<\/p>\n<h5>Instagram Social Plugin<\/h5>\n<p>Auf unserer Website werden sogenannte Social Plugins (\u201ePlugins\u201c) von Instagram verwendet, das von der Instagram LLC., 1601 Willow Road, Menlo Park, CA 94025, USA (\u201eInstagram\u201c) betrieben wird. Die Plugins sind mit einem Instagram-Logo beispielsweise in Form einer \u201eInstagram-Kamera\u201c gekennzeichnet. Eine \u00dcbersicht \u00fcber die Instagram Plugins und deren Aussehen finden Sie hier: http:\/\/blog.instagram.com\/post\/36222022872\/introducing-instagram-badges Wenn Sie eine Seite unseres Webauftritts aufrufen, die ein solches Plugin enth\u00e4lt, stellt Ihr Browser eine direkte Verbindung zu den Servern von Instagram her. Der Inhalt des Plugins wird von Instagram direkt an Ihren Browser \u00fcbermittelt und in die Seite eingebunden. Durch diese Einbindung erh\u00e4lt Instagram die Information, dass Ihr Browser die entsprechende Seite unseres Webauftritts aufgerufen hat, auch wenn Sie kein Instagram-Profil besitzen oder gerade nicht bei Instagram eingeloggt sind. Diese Information (einschlie\u00dflich Ihrer IP-Adresse) wird von Ihrem Browser direkt an einen Server von Instagram in die USA \u00fcbermittelt und dort gespeichert. Sind Sie bei Instagram eingeloggt, kann Instagram den Besuch unserer Website Ihrem InstagramAccount unmittelbar zuordnen. Wenn Sie mit den Plugins interagieren, zum Beispiel das \u201eInstagram\u201c-Button bet\u00e4tigen, wird diese Information ebenfalls direkt an einen Server von Instagram \u00fcbermittelt und dort gespeichert. Die Informationen werden au\u00dferdem auf Ihrem Instagram-Account ver\u00f6ffentlicht und dort Ihren Kontakten angezeigt. Zweck und Umfang der Datenerhebung und die weitere Verarbeitung und Nutzung der Daten durch Instagram sowie Ihre diesbez\u00fcglichen Rechte und Einstellungsm\u00f6glichkeiten zum Schutz Ihrer Privatsph\u00e4re entnehmen Sie bitte den Datenschutzhinweisen von Instagram: https:\/\/help.instagram.com\/155833707900388\/ Wenn Sie nicht m\u00f6chten, dass Instagram die \u00fcber unseren Webauftritt gesammelten Daten unmittelbar Ihrem Instagram-Account zuordnet, m\u00fcssen Sie sich vor Ihrem Besuch unserer Website bei Instagram ausloggen. Sie k\u00f6nnen das Laden der Instagram Plugins auch mit Add-Ons f\u00fcr Ihren Browser komplett verhindern, z. B. mit dem Skript-Blocker \u201eNoScript\u201c (http:\/\/noscript.net\/).<\/p>\n","protected":false},"excerpt":{"rendered":"<p>Rechtliche Offenlegung Informationen gem\u00e4\u00df \u00a7 5 TMG Sandra Spencer eye-view-vision Vor dem Hagen 2 30938 Burgwedel &nbsp; Kontakt Telefon: +49 176 5767 1919 E-Mail: sonny@eye-view-vision.de Internetadresse: http:\/\/eye-view-vision.de\/ Meine Private Foto-Webseite Mein Gewerbe habe ich aufgegeben, dennoch mache ich gerne Shootings, entsprechend ohne Berechnung.&nbsp; Warum? Ich m\u00f6chte einfach die Freude an der Fotografie nicht verlieren! Angabe der Quelle f\u00fcr Bilder und&#8230;<\/p>\n","protected":false},"author":1,"featured_media":686,"parent":0,"menu_order":0,"comment_status":"closed","ping_status":"closed","template":"my-templates\/template-fullwidth.php","meta":{"footnotes":""},"class_list":["post-627","page","type-page","status-publish","has-post-thumbnail","hentry"],"_links":{"self":[{"href":"https:\/\/eye-view-vision.de\/index.php?rest_route=\/wp\/v2\/pages\/627","targetHints":{"allow":["GET"]}}],"collection":[{"href":"https:\/\/eye-view-vision.de\/index.php?rest_route=\/wp\/v2\/pages"}],"about":[{"href":"https:\/\/eye-view-vision.de\/index.php?rest_route=\/wp\/v2\/types\/page"}],"author":[{"embeddable":true,"href":"https:\/\/eye-view-vision.de\/index.php?rest_route=\/wp\/v2\/users\/1"}],"replies":[{"embeddable":true,"href":"https:\/\/eye-view-vision.de\/index.php?rest_route=%2Fwp%2Fv2%2Fcomments&post=627"}],"version-history":[{"count":20,"href":"https:\/\/eye-view-vision.de\/index.php?rest_route=\/wp\/v2\/pages\/627\/revisions"}],"predecessor-version":[{"id":953,"href":"https:\/\/eye-view-vision.de\/index.php?rest_route=\/wp\/v2\/pages\/627\/revisions\/953"}],"wp:featuredmedia":[{"embeddable":true,"href":"https:\/\/eye-view-vision.de\/index.php?rest_route=\/wp\/v2\/media\/686"}],"wp:attachment":[{"href":"https:\/\/eye-view-vision.de\/index.php?rest_route=%2Fwp%2Fv2%2Fmedia&parent=627"}],"curies":[{"name":"wp","href":"https:\/\/api.w.org\/{rel}","templated":true}]}}