{"id":161,"date":"2017-10-18T12:44:52","date_gmt":"2017-10-18T12:44:52","guid":{"rendered":"http:\/\/webdesigncup.net\/demowp\/luminis\/?page_id=161"},"modified":"2017-10-20T15:59:24","modified_gmt":"2017-10-20T15:59:24","slug":"about","status":"publish","type":"page","link":"https:\/\/eye-view-vision.de\/?page_id=161","title":{"rendered":"\u00dcber mich \/ About Me"},"content":{"rendered":"<h2 class=\"alignc margin-b24\">Vorstellung<\/h2>\n<p>Es war immer wichtig f\u00fcr mich, eine Erinnerung an vergangene Ereignisse zu behalten, die mich zum L\u00e4cheln brachten. Dinge und Situationen mit einem gewissen Gef\u00fchl des Wunderbaren in meinem Auge. Etwas, das ich anderen zeigen k\u00f6nnte, falls mir die Worte fehlen um das Sch\u00f6ne zu beschreiben, das ich gesehen hatte.<br \/>\nWelchen besseren Weg gibt es, um den Augenblick zu bewahren, als durch das Objektiv zu erfassen?<\/p>\n<p>Ich bin 46 Jahre alt, eine engagierte Fotografin und leidenschaftlich in meinem Beruf. Es ist mir ein Bed\u00fcrfnis das in meinen Bildern zum Ausdruck zu bringen.<br \/>\nMein Einsatz in der Fotografie hat eine lange Geschichte. Die visuelle Seite einer Geschichte habe ich immer geliebt und bewundert.<\/p>\n<p>Ich arbeite in verschiedenen Themenbereichen und gerne auch mit anderen Fotografen, je nach Wunsch des Kunden. Ich kann unsichtbar oder pr\u00e4sent sein &#8211; es ist alles eine Frage dessen, was zu Ihrem Wunsch passt!<\/p>\n<div class=\"row margin-t54\">\n<p>&nbsp;<\/p>\n<div class=\"col-md-6\">\n<figure id=\"attachment_315\" aria-describedby=\"caption-attachment-315\" style=\"width: 357px\" class=\"wp-caption alignnone\"><img fetchpriority=\"high\" decoding=\"async\" class=\"wp-image-315\" src=\"http:\/\/eye-view-vision.de\/wp-content\/uploads\/2017\/09\/IMG_6409-190x300.jpg\" alt=\"\" width=\"357\" height=\"564\" srcset=\"https:\/\/eye-view-vision.de\/wp-content\/uploads\/2017\/09\/IMG_6409-190x300.jpg 190w, https:\/\/eye-view-vision.de\/wp-content\/uploads\/2017\/09\/IMG_6409-768x1211.jpg 768w, https:\/\/eye-view-vision.de\/wp-content\/uploads\/2017\/09\/IMG_6409-254x400.jpg 254w\" sizes=\"(max-width: 357px) 100vw, 357px\" \/><figcaption id=\"caption-attachment-315\" class=\"wp-caption-text\">A little cheek has never hurt anybody! \ud83d\ude09 (Pic by: Silke Herdin)<\/figcaption><\/figure>\n<\/div>\n<div class=\"col-md-6\">\n<h2><\/h2>\n<h2 class=\"alignc margin-b24\">Introduction<\/h2>\n<p>It has always been essential for me to keep a reminder of past happenings that made me smile. Things and situations with a certain sense of miraculousness in my eye. Something I could show to others in case I may be lost for words when describing the beautiful I had seen.<br \/>\nWhat better way to preserve the moment than by capturing it through the lens?<\/p>\n<p>I am 46 years old, a dedicated photographer and passionate in my profession. It is my need to express this in my pictures. My path in photography has a long history. I have always loved and admired the visual side of a story.<\/p>\n<p>I work in different subject areas and gladly also with other photographers, depending on the request of the customer. I can be invisible or present &#8211; it&#8217;s all a question of what suits your needs!<\/p>\n<p>&nbsp;<\/p>\n<p><img decoding=\"async\" class=\"alignnone wp-image-319\" src=\"http:\/\/eye-view-vision.de\/wp-content\/uploads\/2017\/09\/Enlight128-300x200.jpg\" alt=\"\" width=\"357\" height=\"564\" \/><\/p>\n<p><img decoding=\"async\" class=\"alignnone wp-image-318\" src=\"http:\/\/eye-view-vision.de\/wp-content\/uploads\/2017\/09\/IMG_3156-300x198.jpg\" alt=\"\" width=\"515\" height=\"343\" \/><\/p>\n<p><img loading=\"lazy\" decoding=\"async\" class=\"wp-image-607 size-medium alignnone\" src=\"http:\/\/eye-view-vision.de\/wp-content\/uploads\/2017\/10\/IMG_2379-225x300.jpg\" alt=\"\" width=\"225\" height=\"300\" \/><\/p>\n<p><img loading=\"lazy\" decoding=\"async\" class=\"wp-image-602 size-medium alignnone\" src=\"http:\/\/eye-view-vision.de\/wp-content\/uploads\/2017\/10\/IMG_5510-300x200.jpg\" alt=\"\" width=\"300\" height=\"200\" srcset=\"https:\/\/eye-view-vision.de\/wp-content\/uploads\/2017\/10\/IMG_5510-300x200.jpg 300w, https:\/\/eye-view-vision.de\/wp-content\/uploads\/2017\/10\/IMG_5510-768x511.jpg 768w, https:\/\/eye-view-vision.de\/wp-content\/uploads\/2017\/10\/IMG_5510-601x400.jpg 601w, https:\/\/eye-view-vision.de\/wp-content\/uploads\/2017\/10\/IMG_5510.jpg 945w\" sizes=\"(max-width: 300px) 100vw, 300px\" \/><\/p>\n<p><img loading=\"lazy\" decoding=\"async\" class=\"size-medium wp-image-606 alignnone\" src=\"http:\/\/eye-view-vision.de\/wp-content\/uploads\/2017\/10\/FC9DE7DD-36FC-42B6-9D7E-3F219DF6A249-300x200.jpg\" alt=\"\" width=\"300\" height=\"200\" srcset=\"https:\/\/eye-view-vision.de\/wp-content\/uploads\/2017\/10\/FC9DE7DD-36FC-42B6-9D7E-3F219DF6A249-300x200.jpg 300w, https:\/\/eye-view-vision.de\/wp-content\/uploads\/2017\/10\/FC9DE7DD-36FC-42B6-9D7E-3F219DF6A249-768x511.jpg 768w, https:\/\/eye-view-vision.de\/wp-content\/uploads\/2017\/10\/FC9DE7DD-36FC-42B6-9D7E-3F219DF6A249-1024x682.jpg 1024w, https:\/\/eye-view-vision.de\/wp-content\/uploads\/2017\/10\/FC9DE7DD-36FC-42B6-9D7E-3F219DF6A249-601x400.jpg 601w\" sizes=\"(max-width: 300px) 100vw, 300px\" \/><\/p>\n<p><img loading=\"lazy\" decoding=\"async\" class=\"size-medium wp-image-594 alignnone\" src=\"http:\/\/eye-view-vision.de\/wp-content\/uploads\/2017\/10\/DSC05658-300x200.jpg\" alt=\"\" width=\"515\" height=\"343\" srcset=\"https:\/\/eye-view-vision.de\/wp-content\/uploads\/2017\/10\/DSC05658-300x200.jpg 300w, https:\/\/eye-view-vision.de\/wp-content\/uploads\/2017\/10\/DSC05658-768x512.jpg 768w, https:\/\/eye-view-vision.de\/wp-content\/uploads\/2017\/10\/DSC05658-1024x683.jpg 1024w, https:\/\/eye-view-vision.de\/wp-content\/uploads\/2017\/10\/DSC05658-600x400.jpg 600w\" sizes=\"(max-width: 515px) 100vw, 515px\" \/><\/p>\n<\/div>\n<\/div>\n","protected":false},"excerpt":{"rendered":"<p>Vorstellung Es war immer wichtig f\u00fcr mich, eine Erinnerung an vergangene Ereignisse zu behalten, die mich zum L\u00e4cheln brachten. Dinge und Situationen mit einem gewissen Gef\u00fchl des Wunderbaren in meinem Auge. Etwas, das ich anderen zeigen k\u00f6nnte, falls mir die Worte fehlen um das Sch\u00f6ne zu beschreiben, das ich gesehen hatte. Welchen besseren Weg gibt es, um den Augenblick zu&#8230;<\/p>\n","protected":false},"author":1,"featured_media":320,"parent":0,"menu_order":0,"comment_status":"closed","ping_status":"closed","template":"my-templates\/template-fullwidth.php","meta":{"footnotes":""},"class_list":["post-161","page","type-page","status-publish","has-post-thumbnail","hentry"],"_links":{"self":[{"href":"https:\/\/eye-view-vision.de\/index.php?rest_route=\/wp\/v2\/pages\/161","targetHints":{"allow":["GET"]}}],"collection":[{"href":"https:\/\/eye-view-vision.de\/index.php?rest_route=\/wp\/v2\/pages"}],"about":[{"href":"https:\/\/eye-view-vision.de\/index.php?rest_route=\/wp\/v2\/types\/page"}],"author":[{"embeddable":true,"href":"https:\/\/eye-view-vision.de\/index.php?rest_route=\/wp\/v2\/users\/1"}],"replies":[{"embeddable":true,"href":"https:\/\/eye-view-vision.de\/index.php?rest_route=%2Fwp%2Fv2%2Fcomments&post=161"}],"version-history":[{"count":13,"href":"https:\/\/eye-view-vision.de\/index.php?rest_route=\/wp\/v2\/pages\/161\/revisions"}],"predecessor-version":[{"id":672,"href":"https:\/\/eye-view-vision.de\/index.php?rest_route=\/wp\/v2\/pages\/161\/revisions\/672"}],"wp:featuredmedia":[{"embeddable":true,"href":"https:\/\/eye-view-vision.de\/index.php?rest_route=\/wp\/v2\/media\/320"}],"wp:attachment":[{"href":"https:\/\/eye-view-vision.de\/index.php?rest_route=%2Fwp%2Fv2%2Fmedia&parent=161"}],"curies":[{"name":"wp","href":"https:\/\/api.w.org\/{rel}","templated":true}]}}